{"id":3,"date":"2022-02-22T08:28:32","date_gmt":"2022-02-22T08:28:32","guid":{"rendered":"https:\/\/vittero.com\/?page_id=3"},"modified":"2022-03-02T17:20:34","modified_gmt":"2022-03-02T16:20:34","slug":"polityka-prywatnosci","status":"publish","type":"page","link":"https:\/\/vittero.com\/de\/datenschutzbestimmungen\/","title":{"rendered":"Datenschutzbestimmungen"},"content":{"rendered":"<p>Diese Datenschutzrichtlinie (\"Datenschutzrichtlinie\") richtet sich an die Besucher der Website www.vittero.pl (der \"Dienst\"). Die Datenschutzerkl\u00e4rung beschreibt, wie die Daten der Nutzer des Dienstes (\"Nutzer\" und \"Nutzer\") in allen Aspekten der Verarbeitung und des Schutzes personenbezogener Daten behandelt werden.<\/p>\n\n\n\n<p>(2) Gem\u00e4\u00df dem Inhalt der Verordnung (EU) 2016\/679 des Europ\u00e4ischen Parlaments und des Rates vom 27. April 2016 zum Schutz nat\u00fcrlicher Personen bei der Verarbeitung personenbezogener Daten (die \"Verordnung\") ist der Eigent\u00fcmer und Betreiber der Website - Vittero sp. z o.o. - der f\u00fcr die Verarbeitung der personenbezogenen Daten der Nutzer Verantwortliche. (\"Verwalter\"), Anschrift: ul. Elektronowa 2, 03 -219 Warschau, Polen, eingetragen im Unternehmerregister des Landesgerichtsregisters durch das Bezirksgericht f\u00fcr die Hauptstadt Warschau, XIV. Handelsabteilung des Landesgerichtsregisters, unter der KRS-Nummer: 0000920571, NIP: 5242925141, REGON: 389908086,.<\/p>\n\n\n\n<p>3 Personenbezogene Daten werden im Einklang mit der Verordnung und, soweit in der Verordnung vorgesehen, mit Zustimmung des Nutzers verarbeitet.<\/p>\n\n\n\n<p>(4) Durch die Nutzung der Website erkl\u00e4rt sich der Nutzer mit den in dieser Datenschutzrichtlinie beschriebenen Bedingungen und Konditionen einverstanden.<\/p>\n\n\n\n<p>5 Der Administrator verarbeitet die von den Nutzern zur Verf\u00fcgung gestellten Daten nur zu dem Zweck und in dem Umfang, der f\u00fcr das ordnungsgem\u00e4\u00dfe Funktionieren der Website erforderlich ist, d.h. in erster Linie:<br>(a) zur Analyse des Webverkehrs, zur Gew\u00e4hrleistung der Sicherheit innerhalb des Dienstes und zur Anpassung der Inhalte an die Bed\u00fcrfnisse der Nutzer auf der Grundlage des berechtigten Interesses des Administrators,<br>b) zur Beantwortung von Anfragen, zur Bereitstellung angeforderter Angebote und zur Durchf\u00fchrung von Korrespondenz zum Zwecke der Bearbeitung der Angelegenheit auf der Grundlage der Einwilligung des Nutzers und des berechtigten Interesses des Verwalters an der Bearbeitung der Anfragen des Nutzers.<\/p>\n\n\n\n<p>(6) Der Betreiber darf die folgenden personenbezogenen Daten der Nutzer verarbeiten, die f\u00fcr die Begr\u00fcndung, inhaltliche Ausgestaltung, \u00c4nderung oder Beendigung des Rechtsverh\u00e4ltnisses \u00fcber die zwischen ihnen elektronisch erbrachten Leistungen erforderlich sind:<br>(a) den Namen und Vornamen des Nutzers;<br>(b) die PESEL-Registrierungsnummer oder, falls diese Nummer nicht vergeben wurde, die Nummer des Reisepasses, des Personalausweises oder eines anderen Dokuments zum Nachweis der Identit\u00e4t;<br>(c) Anschrift des st\u00e4ndigen Wohnsitzes;<br>(d) die Anschrift f\u00fcr den Schriftverkehr, falls sie von der unter Buchstabe c genannten Anschrift abweicht;<br>e) Daten, die zur \u00dcberpr\u00fcfung der elektronischen Unterschrift des Nutzers verwendet werden;<br>f) die elektronischen Adressen des Nutzers.<\/p>\n\n\n\n<p>(7) In den von der Verordnung vorgesehenen F\u00e4llen wird die Zustimmung des Nutzers zur Verarbeitung seiner personenbezogenen Daten auf elektronischem Wege erteilt, indem er bei der Registrierung oder einem anderen Verfahren, das die Nutzung der Website erm\u00f6glichen soll, das entsprechende K\u00e4stchen ankreuzt. Der Nutzer kann seine Zustimmung zur Verarbeitung seiner personenbezogenen Daten jederzeit widerrufen und deren L\u00f6schung verlangen, indem er sich schriftlich an Elektronowa-Stra\u00dfe 2, 03 -219 Warschau, oder per E-Mail an kontakt@vittero.pl. Die Angabe von Daten, die auf der Website als erforderlich gekennzeichnet sind, ist freiwillig, aber notwendig, um dem Nutzer den Dienst zur Verf\u00fcgung zu stellen oder um ihn auf der Website zu registrieren. Wenn der Nutzer die erforderlichen personenbezogenen Daten nicht angibt, ist es nicht m\u00f6glich, den Nutzer auf der Website zu registrieren oder den Vertrag abzuschlie\u00dfen und dem Nutzer die Dienstleistung zu erbringen.<\/p>\n\n\n\n<p>(8) Im Falle der Vermarktung der eigenen Dienste des Verwalters und der Zusendung von Informationen \u00fcber sein Angebot an die vom Nutzer angegebene E-Mail-Adresse ist die Grundlage f\u00fcr die Verarbeitung der personenbezogenen Daten des Nutzers die Erf\u00fcllung der berechtigten Interessen des Verwalters (Artikel 6 Absatz 1 Buchstabe f der Verordnung). Die Verarbeitung der Daten zum Zweck der Bereitstellung von Informationen \u00fcber die Produkte und Dienstleistungen des Verwalters erm\u00f6glicht es dem Nutzer, sich \u00fcber das aktuelle Angebot zu informieren. Im Falle des Newsletter-Dienstes, der dem Nutzer zur Verf\u00fcgung gestellt wird, ist die Grundlage f\u00fcr die Datenverarbeitung die Einwilligung des Nutzers (Artikel 6 Absatz 1 Buchstabe b der Verordnung), die der Nutzer jederzeit widerrufen kann.<\/p>\n\n\n\n<p>(9) Die personenbezogenen Daten des Nutzers werden in einer Form gespeichert, die eine Identifizierung des Nutzers nur so lange erm\u00f6glicht, wie es f\u00fcr die Zwecke, f\u00fcr die die personenbezogenen Daten erhoben und rechtm\u00e4\u00dfig verarbeitet werden, erforderlich ist. Die personenbezogenen Daten werden daher so lange gespeichert, wie es f\u00fcr die Erbringung der vom Nutzer gew\u00e4hlten Dienstleistung erforderlich ist. Danach werden die Daten so lange verarbeitet, wie es f\u00fcr die Beilegung etwaiger Streitigkeiten im Zusammenhang mit den erbrachten Dienstleistungen erforderlich ist.<\/p>\n\n\n\n<p>10. Der Verwalter kann die Verarbeitung der personenbezogenen Daten des Nutzers oder anderer in der Datenschutzerkl\u00e4rung genannter Daten anderen Stellen \u00fcbertragen, die auf der Grundlage einer schriftlichen Vereinbarung, die in \u00dcbereinstimmung mit der Verordnung geschlossen wurde, direkt f\u00fcr den Verwalter t\u00e4tig sind.<\/p>\n\n\n\n<p>(11) Vorbehaltlich der vorstehenden Bestimmungen werden die erhobenen personenbezogenen Daten nicht an andere Personen oder Institutionen weitergegeben, es sei denn, dies ist gesetzlich vorgeschrieben oder f\u00fcr den Zweck der Verarbeitung der personenbezogenen Daten erforderlich und es besteht eine entsprechende Vereinbarung, um den Schutz der Rechte und der Privatsph\u00e4re des Nutzers zu gew\u00e4hrleisten.<\/p>\n\n\n\n<p>12 Sie haben das Recht, auf den Inhalt Ihrer personenbezogenen Daten zuzugreifen und die Vervollst\u00e4ndigung, Aktualisierung, \u00dcbertragbarkeit, Einschr\u00e4nkung der Verarbeitung, Berichtigung personenbezogener Daten, die vor\u00fcbergehende oder dauerhafte Aussetzung ihrer Verarbeitung oder ihre L\u00f6schung zu verlangen, wenn sie unvollst\u00e4ndig, veraltet oder unwahr sind oder unter Versto\u00df gegen das Gesetz erhoben wurden oder f\u00fcr den Zweck, f\u00fcr den sie erhoben wurden, nicht mehr erforderlich sind.<\/p>\n\n\n\n<p>13 Werden die Daten des Nutzers f\u00fcr die Vermarktung seiner eigenen Dienstleistungen und Produkte verarbeitet, kann der Nutzer jederzeit schriftlich und begr\u00fcndet verlangen, dass die Verarbeitung seiner Daten aufgrund seiner besonderen Situation gestoppt wird, oder der Verarbeitung seiner Daten zu diesem Zweck widersprechen.<\/p>\n\n\n\n<p>(14) Der Nutzer hat das Recht, den Inhalt der bereitgestellten Daten einzusehen, sie zu berichtigen und zu vervollst\u00e4ndigen sowie jederzeit die Beendigung ihrer Verarbeitung und ihre L\u00f6schung zu verlangen, indem er sich schriftlich an die Adresse wendet: ul. Elektronowa 2, 03 -219 Warschau, oder per E-Mail an kontakt@vittero.pl.<\/p>\n\n\n\n<p>(15) Der Administrator kann die L\u00f6schung personenbezogener Daten verweigern, wenn der Nutzer gegen geltendes Recht versto\u00dfen hat und die Aufbewahrung der personenbezogenen Daten zur Kl\u00e4rung der Umst\u00e4nde des Versto\u00dfes und zur Feststellung der Verantwortlichkeit des Nutzers erforderlich ist.<\/p>\n\n\n\n<p>(16) Wenn der Nutzer personenbezogene Daten anderer Personen (einschlie\u00dflich ihres Namens, ihrer Adresse, Telefonnummer oder E-Mail-Adresse) auf die Website hochl\u00e4dt, darf er dies nur unter der Bedingung tun, dass er nicht gegen die Bestimmungen des geltenden Rechts und die Pers\u00f6nlichkeitsrechte dieser Personen verst\u00f6\u00dft.<\/p>\n\n\n\n<p>17. Cookies werden vom Administrator auch f\u00fcr folgende Zwecke verwendet:<br>a) statistische Daten, die die Erstellung von Statistiken f\u00fcr interne Zwecke und Auftragnehmer \u00fcber das Funktionieren der Websites und die Besuche der Nutzer erm\u00f6glichen,<br>(b) die Darstellung und Personalisierung der auf den betreffenden Endger\u00e4ten angezeigten Werbebotschaften.<\/p>\n\n\n\n<p>(18) Cookies sind Textdateien, die auf dem Endger\u00e4t des Nutzers gespeichert werden und dazu dienen, das Ger\u00e4t des Nutzers wiederzuerkennen, wenn der Nutzer erneut eine Website aufruft, die Cookies verwendet.<\/p>\n\n\n\n<p>(19) Cookies werden nicht verwendet, um die Identit\u00e4t des Nutzers festzustellen, aber sie erm\u00f6glichen es, die individuellen Bed\u00fcrfnisse des Nutzers, der ein bestimmtes Ger\u00e4t verwendet, genauer zu erkennen und somit bessere und besser zugeschnittene Dienste anzubieten sowie die Verbindung zu Websites, die f\u00fcr den Nutzer von Interesse sind, zu erleichtern.<\/p>\n\n\n\n<p>(20) Sie k\u00f6nnen das Setzen von Cookies auf Ihrem Endger\u00e4t ablehnen. Verwenden Sie dazu die Option zum Deaktivieren des Herunterladens und Speicherns von Cookies in Ihrem Webbrowser. Die Methode zur Deaktivierung des Herunterladens und Speicherns von Cookies in g\u00e4ngigen Webbrowsern wird vom Browser-Anbieter bereitgestellt. Die L\u00f6schung von Cookies kann dazu f\u00fchren, dass bestimmte Funktionen der Websites des Administrators nicht mehr genutzt werden k\u00f6nnen.<\/p>\n\n\n\n<p>21 In einigen F\u00e4llen sammelt der Administrator bestimmte Arten von Informationen automatisch w\u00e4hrend des Besuchs des Nutzers auf der Website oder \u00fcber E-Mail-Adressen. Solche Nutzungsdaten im Zusammenhang mit der Nutzung der Website (IP-Adresse und Port, Browser-Kennung, Adressen der besuchten Seiten) werden in aggregierter und anonymisierter Form gespeichert und nicht an Dritte weitergegeben.<\/p>\n\n\n\n<p>(22) Die Daten der Nutzer werden vom Administrator auch f\u00fcr die Zwecke der automatisierten Verarbeitung in Form von Profiling verarbeitet. Unter Profiling versteht man jede Form der automatisierten Verarbeitung personenbezogener Daten durch den Administrator, bei der die personenbezogenen Daten der Nutzer verwendet werden, um bestimmte pers\u00f6nliche Faktoren zu bewerten, insbesondere um die Vorlieben, die Zuverl\u00e4ssigkeit, das Verhalten oder den Standort der Nutzer zu analysieren oder vorherzusagen. Jeder Nutzer hat das Recht, dem Profiling durch den Administrator zu widersprechen, wenn er der Ansicht ist, dass das Profiling seine Rechte und Freiheiten verletzt, es sei denn, der Administrator weist nach, dass sein eigenes Interesse die Rechte und Freiheiten der Person \u00fcberwiegt. Der Nutzer kann dem Profiling kostenlos in jeder Form \u00fcber die verf\u00fcgbaren Kommunikationskan\u00e4le mit dem Administrator widersprechen.<\/p>\n\n\n\n<p>(23) Die Website ist mit angemessenen Sicherheitsma\u00dfnahmen ausgestattet, die den Anforderungen des polnischen Rechts entsprechen, um die unter der Kontrolle des Administrators stehenden Daten gegen ihre Weitergabe an Unbefugte, ihren Erwerb durch eine unbefugte Person, ihre Verarbeitung unter Verletzung der Verordnung sowie gegen ihre \u00c4nderung, ihren Verlust, ihre Besch\u00e4digung oder ihre Zerst\u00f6rung zu sch\u00fctzen. Der Administrator verpflichtet sich, alle von den Nutzern offengelegten personenbezogenen Daten und Informationen gem\u00e4\u00df den Sicherheits- und Vertraulichkeitsstandards zu sch\u00fctzen. Die Zugriffsrechte auf die personenbezogenen Daten der Nutzer sind streng begrenzt, damit die Informationen nicht in die H\u00e4nde von Unbefugten gelangen.<\/p>\n\n\n\n<p>(24) Alle im Service enthaltenen Informationen, Bilder, Kompositionen und sonstigen Werke unterliegen dem Urheberrecht und d\u00fcrfen ohne schriftliche Zustimmung des Administrators nicht kopiert, verbreitet oder anderweitig genutzt werden.<\/p>\n\n\n\n<p>(25) Der Administrator beh\u00e4lt sich das Recht vor, diese Datenschutzrichtlinie zu \u00e4ndern, wobei er sicherstellt, dass die Rechte des Nutzers im Rahmen dieses Dokuments nicht ohne seine Zustimmung eingeschr\u00e4nkt werden. Die \u00c4nderungen werden fortlaufend ver\u00f6ffentlicht, und Informationen \u00fcber ihre Umsetzung werden auf der Website ver\u00f6ffentlicht.<\/p>\n\n\n\n<p>26 Alle weiteren Fragen zur Datenschutzpolitik sind an folgende E-Mail-Adresse zu richten: kontakt@vittero.pl.<\/p>\n\n\n\n<p>27. in allen Angelegenheiten, die die Verarbeitung der personenbezogenen Daten des Nutzers und die Anwendung und Umsetzung dieser Datenschutzpolitik betreffen, hat der Nutzer das Recht, beim Pr\u00e4sidenten des Amtes f\u00fcr den Schutz personenbezogener Daten Beschwerde einzulegen<\/p>","protected":false},"excerpt":{"rendered":"<p>Diese Datenschutzrichtlinie (\"Datenschutzrichtlinie\") richtet sich an die Besucher der Website www.vittero.pl (der \"Dienst\"). Die Datenschutzrichtlinie beschreibt, wie die Daten der Nutzer des Dienstes (\"Nutzer\" und \"Nutzer\") in allen Aspekten der Verarbeitung und des Schutzes personenbezogener Daten behandelt werden. 2 In \u00dcbereinstimmung mit dem Inhalt der Verordnung (EU) 2016\/679 des Europ\u00e4ischen Parlaments und des Rates vom 27. April 2016 zum Schutz von Personen [...].<\/p>","protected":false},"author":1,"featured_media":0,"parent":0,"menu_order":0,"comment_status":"closed","ping_status":"open","template":"","meta":{"footnotes":""},"acf":[],"_links":{"self":[{"href":"https:\/\/vittero.com\/de\/wp-json\/wp\/v2\/pages\/3"}],"collection":[{"href":"https:\/\/vittero.com\/de\/wp-json\/wp\/v2\/pages"}],"about":[{"href":"https:\/\/vittero.com\/de\/wp-json\/wp\/v2\/types\/page"}],"author":[{"embeddable":true,"href":"https:\/\/vittero.com\/de\/wp-json\/wp\/v2\/users\/1"}],"replies":[{"embeddable":true,"href":"https:\/\/vittero.com\/de\/wp-json\/wp\/v2\/comments?post=3"}],"version-history":[{"count":4,"href":"https:\/\/vittero.com\/de\/wp-json\/wp\/v2\/pages\/3\/revisions"}],"predecessor-version":[{"id":122,"href":"https:\/\/vittero.com\/de\/wp-json\/wp\/v2\/pages\/3\/revisions\/122"}],"wp:attachment":[{"href":"https:\/\/vittero.com\/de\/wp-json\/wp\/v2\/media?parent=3"}],"curies":[{"name":"wp","href":"https:\/\/api.w.org\/{rel}","templated":true}]}}